{"id":11,"date":"2022-08-30T18:23:03","date_gmt":"2022-08-30T18:23:03","guid":{"rendered":"http:\/\/straystudios.net\/?page_id=11"},"modified":"2025-08-14T19:01:44","modified_gmt":"2025-08-14T19:01:44","slug":"about","status":"publish","type":"page","link":"https:\/\/straystudios.net\/es\/about\/","title":{"rendered":"Nosotros"},"content":{"rendered":"<div data-elementor-type=\"wp-page\" data-elementor-id=\"11\" class=\"elementor elementor-11\">\n\t\t\t\t\t\t<section class=\"elementor-section elementor-top-section elementor-element elementor-element-430c5d7 aux-appear-watch-animation aux-fade-in-up elementor-section-boxed elementor-section-height-default elementor-section-height-default\" data-id=\"430c5d7\" data-element_type=\"section\" data-e-type=\"section\">\n\t\t\t\t\t\t<div class=\"elementor-container elementor-column-gap-default\">\n\t\t\t\t\t<div class=\"aux-parallax-section elementor-column elementor-col-100 elementor-top-column elementor-element elementor-element-4cf60c4\" data-id=\"4cf60c4\" data-element_type=\"column\" data-e-type=\"column\">\n\t\t\t<div class=\"elementor-widget-wrap elementor-element-populated\">\n\t\t\t\t\t\t<div class=\"elementor-element elementor-element-0a46aa0 elementor-widget elementor-widget-heading\" data-id=\"0a46aa0\" data-element_type=\"widget\" data-e-type=\"widget\" data-widget_type=\"heading.default\">\n\t\t\t\t<div class=\"elementor-widget-container\">\n\t\t\t\t\t<h1 class=\"elementor-heading-title elementor-size-default\">#Nuestra Historia<\/h1>\t\t\t\t<\/div>\n\t\t\t\t<\/div>\n\t\t\t\t<div class=\"elementor-element elementor-element-c402810 elementor-widget elementor-widget-text-editor\" data-id=\"c402810\" data-element_type=\"widget\" data-e-type=\"widget\" data-widget_type=\"text-editor.default\">\n\t\t\t\t<div class=\"elementor-widget-container\">\n\t\t\t\t\t\t\t\t\t<p><strong>\u00bfQu\u00e9 sucede cuando pones a dos viejos amigos, un artista innato y un ingeniero aeroespacial amante de la tecnolog\u00eda, en la misma habitaci\u00f3n y agregas un par de botellas de tequila?<\/strong><\/p><p><strong>Bueno, pues comienza un viaje filos\u00f3fico, las ideas empiezan a fluir, el sentido empresarial despierta, y si agregas un buffet de todos los mariscos que puedas comer, as\u00ed es b\u00e1sicamente como Stray Studios cobr\u00f3 vida.<\/strong><\/p><p><strong>Nuestro objetivo es convertirnos en la opci\u00f3n preferida para el dise\u00f1o web de \u00faltima generaci\u00f3n, colecciones significativas de NFTs, vestimenta y accesorios innovadores para el metaverso y todo lo relacionado con Web3.<\/strong><\/p><p><strong>Puede que seamos un estudio nuevo, pero gracias a nuestra formaci\u00f3n, somos un equipo con mucha experiencia. Nuestro Director Creativo ha sido caricaturista profesional durante m\u00e1s de 20 a\u00f1os, y nuestro Director de Operaciones ha trabajado para dos de las empresas aeroespaciales l\u00edderes en el mundo.<\/strong><\/p>\t\t\t\t\t\t\t\t<\/div>\n\t\t\t\t<\/div>\n\t\t\t\t\t<\/div>\n\t\t<\/div>\n\t\t\t\t\t<\/div>\n\t\t<\/section>\n\t\t\t\t<section class=\"elementor-section elementor-top-section elementor-element elementor-element-a7123ec elementor-section-stretched elementor-section-boxed elementor-section-height-default elementor-section-height-default\" data-id=\"a7123ec\" data-element_type=\"section\" data-e-type=\"section\" data-settings=\"{&quot;stretch_section&quot;:&quot;section-stretched&quot;}\">\n\t\t\t\t\t\t<div class=\"elementor-container elementor-column-gap-default\">\n\t\t\t\t\t<div class=\"aux-parallax-section elementor-column elementor-col-100 elementor-top-column elementor-element elementor-element-7793e3e\" data-id=\"7793e3e\" data-element_type=\"column\" data-e-type=\"column\">\n\t\t\t<div class=\"elementor-widget-wrap elementor-element-populated\">\n\t\t\t\t\t\t<div class=\"elementor-element elementor-element-863d82a aux-appear-watch-animation aux-fade-in elementor-widget elementor-widget-heading\" data-id=\"863d82a\" data-element_type=\"widget\" data-e-type=\"widget\" data-widget_type=\"heading.default\">\n\t\t\t\t<div class=\"elementor-widget-container\">\n\t\t\t\t\t<h1 class=\"elementor-heading-title elementor-size-default\">#Conoce al Equipo<\/h1>\t\t\t\t<\/div>\n\t\t\t\t<\/div>\n\t\t\t\t<section class=\"elementor-section elementor-inner-section elementor-element elementor-element-edfd4bd elementor-section-boxed elementor-section-height-default elementor-section-height-default\" data-id=\"edfd4bd\" data-element_type=\"section\" data-e-type=\"section\">\n\t\t\t\t\t\t<div class=\"elementor-container elementor-column-gap-default\">\n\t\t\t\t\t<div class=\"aux-parallax-section elementor-column elementor-col-50 elementor-inner-column elementor-element elementor-element-939cf8d\" data-id=\"939cf8d\" data-element_type=\"column\" data-e-type=\"column\">\n\t\t\t<div class=\"elementor-widget-wrap elementor-element-populated\">\n\t\t\t\t\t\t<div class=\"elementor-element elementor-element-5c4faf2 aux-appear-watch-animation aux-fade-in-left elementor-widget elementor-widget-image\" data-id=\"5c4faf2\" data-element_type=\"widget\" data-e-type=\"widget\" data-widget_type=\"image.default\">\n\t\t\t\t<div class=\"elementor-widget-container\">\n\t\t\t\t\t\t\t\t\t\t\t\t<figure class=\"wp-caption\">\n\t\t\t\t\t\t\t\t\t\t<img fetchpriority=\"high\" decoding=\"async\" width=\"300\" height=\"300\" src=\"https:\/\/straystudios.net\/wp-content\/uploads\/2025\/08\/Gato-300x300.png\" class=\"attachment-medium size-medium wp-image-1555\" alt=\"\" srcset=\"https:\/\/straystudios.net\/wp-content\/uploads\/2025\/08\/elementor\/thumbs\/Gato-ra9bbcwsng0ku7iuha62u0hsfbjw4ptnqusobkj1ko.png 300w, https:\/\/straystudios.net\/wp-content\/uploads\/2025\/08\/Gato-150x150.png 150w, https:\/\/straystudios.net\/wp-content\/uploads\/2025\/08\/Gato-12x12.png 12w, https:\/\/straystudios.net\/wp-content\/uploads\/2025\/08\/elementor\/thumbs\/Gato-ra9bbcws1imd17fz9tqhrz2lwng2su7ssyi38vafk4.png 250w, https:\/\/straystudios.net\/wp-content\/uploads\/2025\/08\/Gato.png 400w\" sizes=\"(max-width: 300px) 100vw, 300px\" \/>\t\t\t\t\t\t\t\t\t\t\t<figcaption class=\"widget-image-caption wp-caption-text\">El Gato <br>Director Creativo<\/figcaption>\n\t\t\t\t\t\t\t\t\t\t<\/figure>\n\t\t\t\t\t\t\t\t\t<\/div>\n\t\t\t\t<\/div>\n\t\t\t\t<div class=\"elementor-element elementor-element-3be5ab6 aux-appear-watch-animation aux-fade-in-left elementor-shape-rounded elementor-grid-0 e-grid-align-center elementor-widget elementor-widget-social-icons\" data-id=\"3be5ab6\" data-element_type=\"widget\" data-e-type=\"widget\" data-widget_type=\"social-icons.default\">\n\t\t\t\t<div class=\"elementor-widget-container\">\n\t\t\t\t\t\t\t<div class=\"elementor-social-icons-wrapper elementor-grid\" role=\"list\">\n\t\t\t\t\t\t\t<span class=\"elementor-grid-item\" role=\"listitem\">\n\t\t\t\t\t<a class=\"elementor-icon elementor-social-icon elementor-social-icon-instagram elementor-repeater-item-c10b0e8\" href=\"https:\/\/www.instagram.com\/gatotejabanero\/\" target=\"_blank\">\n\t\t\t\t\t\t<span class=\"elementor-screen-only\">Instagram<\/span>\n\t\t\t\t\t\t<i aria-hidden=\"true\" class=\"fab fa-instagram\"><\/i>\t\t\t\t\t<\/a>\n\t\t\t\t<\/span>\n\t\t\t\t\t\t\t<span class=\"elementor-grid-item\" role=\"listitem\">\n\t\t\t\t\t<a class=\"elementor-icon elementor-social-icon elementor-social-icon-twitter elementor-repeater-item-49045d6\" href=\"https:\/\/twitter.com\/tejabanero\" target=\"_blank\">\n\t\t\t\t\t\t<span class=\"elementor-screen-only\">Twitter<\/span>\n\t\t\t\t\t\t<i aria-hidden=\"true\" class=\"fab fa-twitter\"><\/i>\t\t\t\t\t<\/a>\n\t\t\t\t<\/span>\n\t\t\t\t\t\t\t<span class=\"elementor-grid-item\" role=\"listitem\">\n\t\t\t\t\t<a class=\"elementor-icon elementor-social-icon elementor-social-icon-youtube elementor-repeater-item-5d2f7fa\" href=\"https:\/\/www.youtube.com\/channel\/UC9bMg0UJhJ_1sng33L04geg\/videos\" target=\"_blank\">\n\t\t\t\t\t\t<span class=\"elementor-screen-only\">Youtube<\/span>\n\t\t\t\t\t\t<i aria-hidden=\"true\" class=\"fab fa-youtube\"><\/i>\t\t\t\t\t<\/a>\n\t\t\t\t<\/span>\n\t\t\t\t\t<\/div>\n\t\t\t\t\t\t<\/div>\n\t\t\t\t<\/div>\n\t\t\t\t<div class=\"elementor-element elementor-element-b47b56b aux-appear-watch-animation aux-fade-in-left elementor-widget elementor-widget-text-editor\" data-id=\"b47b56b\" data-element_type=\"widget\" data-e-type=\"widget\" data-widget_type=\"text-editor.default\">\n\t\t\t\t<div class=\"elementor-widget-container\">\n\t\t\t\t\t\t\t\t\t<p><strong>Comenzando como un ni\u00f1o alentado por su padre a dibujar una caricatura semanal para el peri\u00f3dico local, hoy en d\u00eda un autor publicado. El gato ha desarrollado una basta serie de herramientas que ha ido perfeccionando durante el trayecto. Tales como retratos, murales, esculturas, stop-motion y video animaci\u00f3n, puede tomar una idea, y con gran ingenio, convertirla en arte.<\/strong><\/p>\t\t\t\t\t\t\t\t<\/div>\n\t\t\t\t<\/div>\n\t\t\t\t\t<\/div>\n\t\t<\/div>\n\t\t\t\t<div class=\"aux-parallax-section elementor-column elementor-col-50 elementor-inner-column elementor-element elementor-element-f298ff5\" data-id=\"f298ff5\" data-element_type=\"column\" data-e-type=\"column\">\n\t\t\t<div class=\"elementor-widget-wrap elementor-element-populated\">\n\t\t\t\t\t\t<div class=\"elementor-element elementor-element-19b0c9e aux-appear-watch-animation aux-fade-in-right elementor-widget elementor-widget-image\" data-id=\"19b0c9e\" data-element_type=\"widget\" data-e-type=\"widget\" data-widget_type=\"image.default\">\n\t\t\t\t<div class=\"elementor-widget-container\">\n\t\t\t\t\t\t\t\t\t\t\t\t<figure class=\"wp-caption\">\n\t\t\t\t\t\t\t\t\t\t<img decoding=\"async\" width=\"300\" height=\"300\" src=\"https:\/\/straystudios.net\/wp-content\/uploads\/2022\/10\/StrayDog_150ppi-01-300x300.png\" class=\"attachment-medium size-medium wp-image-853\" alt=\"\" srcset=\"https:\/\/straystudios.net\/wp-content\/uploads\/2022\/10\/elementor\/thumbs\/StrayDog_150ppi-01-q1sj6fy2e7c24qj8sfowdcu82mjplscsaaqb6hs1bs.png 300w, https:\/\/straystudios.net\/wp-content\/uploads\/2022\/10\/StrayDog_150ppi-01-150x150.png 150w, https:\/\/straystudios.net\/wp-content\/uploads\/2022\/10\/StrayDog_150ppi-01-12x12.png 12w, https:\/\/straystudios.net\/wp-content\/uploads\/2022\/10\/elementor\/thumbs\/StrayDog_150ppi-01-q1sj6fy1s9xubqgdkz9bbbf1jyfw9wqxcefq3sjfb8.png 250w, https:\/\/straystudios.net\/wp-content\/uploads\/2022\/10\/StrayDog_150ppi-01.png 521w\" sizes=\"(max-width: 300px) 100vw, 300px\" \/>\t\t\t\t\t\t\t\t\t\t\t<figcaption class=\"widget-image-caption wp-caption-text\">Luis<br>Director de Operaciones<\/figcaption>\n\t\t\t\t\t\t\t\t\t\t<\/figure>\n\t\t\t\t\t\t\t\t\t<\/div>\n\t\t\t\t<\/div>\n\t\t\t\t<div class=\"elementor-element elementor-element-25e4219 aux-appear-watch-animation aux-fade-in-right elementor-shape-rounded elementor-grid-0 e-grid-align-center elementor-widget elementor-widget-social-icons\" data-id=\"25e4219\" data-element_type=\"widget\" data-e-type=\"widget\" data-widget_type=\"social-icons.default\">\n\t\t\t\t<div class=\"elementor-widget-container\">\n\t\t\t\t\t\t\t<div class=\"elementor-social-icons-wrapper elementor-grid\" role=\"list\">\n\t\t\t\t\t\t\t<span class=\"elementor-grid-item\" role=\"listitem\">\n\t\t\t\t\t<a class=\"elementor-icon elementor-social-icon elementor-social-icon-auxicon-mail-3 elementor-repeater-item-c10b0e8\" href=\"mailto:luis@straystudios.net\" target=\"_blank\">\n\t\t\t\t\t\t<span class=\"elementor-screen-only\">Auxicon-mail-3<\/span>\n\t\t\t\t\t\t<i aria-hidden=\"true\" class=\"auxicon auxicon-mail-3\"><\/i>\t\t\t\t\t<\/a>\n\t\t\t\t<\/span>\n\t\t\t\t\t\t\t<span class=\"elementor-grid-item\" role=\"listitem\">\n\t\t\t\t\t<a class=\"elementor-icon elementor-social-icon elementor-social-icon-twitter elementor-repeater-item-49045d6\" href=\"https:\/\/twitter.com\/ls_kz\" target=\"_blank\">\n\t\t\t\t\t\t<span class=\"elementor-screen-only\">Twitter<\/span>\n\t\t\t\t\t\t<i aria-hidden=\"true\" class=\"fab fa-twitter\"><\/i>\t\t\t\t\t<\/a>\n\t\t\t\t<\/span>\n\t\t\t\t\t<\/div>\n\t\t\t\t\t\t<\/div>\n\t\t\t\t<\/div>\n\t\t\t\t<div class=\"elementor-element elementor-element-eb9d69a aux-appear-watch-animation aux-fade-in-right elementor-widget elementor-widget-text-editor\" data-id=\"eb9d69a\" data-element_type=\"widget\" data-e-type=\"widget\" data-widget_type=\"text-editor.default\">\n\t\t\t\t<div class=\"elementor-widget-container\">\n\t\t\t\t\t\t\t\t\t<p><strong>Como ingeniero aeroespacial, form\u00f3 parte de los equipos de dise\u00f1o de motores de aeronaves en Honeywell Aerospace y Safran Group, donde desarroll\u00f3 sus habilidades de gesti\u00f3n de proyectos mientras aprend\u00eda sobre las actitudes, valores, enfoques y las mejores pr\u00e1cticas que hacen que una empresa de clase mundial sea exitosa.<\/strong><\/p>\t\t\t\t\t\t\t\t<\/div>\n\t\t\t\t<\/div>\n\t\t\t\t\t<\/div>\n\t\t<\/div>\n\t\t\t\t\t<\/div>\n\t\t<\/section>\n\t\t\t\t\t<\/div>\n\t\t<\/div>\n\t\t\t\t\t<\/div>\n\t\t<\/section>\n\t\t\t\t<\/div>","protected":false},"excerpt":{"rendered":"<p>#Our Story What happens when you put two long-time friends, a natural-born artist and a tech lover-aerospace engineer, in the same room and add a couple bottles of tequila? Well, a philosophical journey begins, ideas start to flow, the entrepreneurial sense awakens, and if you add an all-you-can-eat seafood buffet, that\u2019s basically how Stray Studios [&hellip;]<\/p>\n","protected":false},"author":1,"featured_media":0,"parent":0,"menu_order":0,"comment_status":"closed","ping_status":"closed","template":"","meta":{"footnotes":""},"class_list":["post-11","page","type-page","status-publish","hentry"],"_links":{"self":[{"href":"https:\/\/straystudios.net\/es\/wp-json\/wp\/v2\/pages\/11","targetHints":{"allow":["GET"]}}],"collection":[{"href":"https:\/\/straystudios.net\/es\/wp-json\/wp\/v2\/pages"}],"about":[{"href":"https:\/\/straystudios.net\/es\/wp-json\/wp\/v2\/types\/page"}],"author":[{"embeddable":true,"href":"https:\/\/straystudios.net\/es\/wp-json\/wp\/v2\/users\/1"}],"replies":[{"embeddable":true,"href":"https:\/\/straystudios.net\/es\/wp-json\/wp\/v2\/comments?post=11"}],"version-history":[{"count":11,"href":"https:\/\/straystudios.net\/es\/wp-json\/wp\/v2\/pages\/11\/revisions"}],"predecessor-version":[{"id":1562,"href":"https:\/\/straystudios.net\/es\/wp-json\/wp\/v2\/pages\/11\/revisions\/1562"}],"wp:attachment":[{"href":"https:\/\/straystudios.net\/es\/wp-json\/wp\/v2\/media?parent=11"}],"curies":[{"name":"wp","href":"https:\/\/api.w.org\/{rel}","templated":true}]}}